{"id":531,"date":"2023-05-05T20:49:02","date_gmt":"2023-05-05T20:49:02","guid":{"rendered":"http:\/\/localhost:8888\/ideoh\/autres-sports\/"},"modified":"2025-04-28T20:40:24","modified_gmt":"2025-04-28T20:40:24","slug":"pickleball-team-building","status":"publish","type":"page","link":"https:\/\/ideoh.ca\/en\/pickleball-team-building\/","title":{"rendered":"PICKLEBALL TEAMBUILDING"},"content":{"rendered":"\n<p class=\"has-text-align-center\"><\/p>\n\n\n\n<p><\/p>\n","protected":false},"excerpt":{"rendered":"","protected":false},"author":1,"featured_media":2407,"parent":0,"menu_order":0,"comment_status":"closed","ping_status":"closed","template":"page-templates\/page-sports.php","meta":{"_acf_changed":false,"footnotes":"[]"},"class_list":["post-531","page","type-page","status-publish","has-post-thumbnail","hentry"],"acf":[],"yoast_head":"<!-- This site is optimized with the Yoast SEO plugin v27.3 - https:\/\/yoast.com\/product\/yoast-seo-wordpress\/ -->\n<title>PICKLEBALL TEAM BUILDING<\/title>\n<meta name=\"description\" content=\"Come for a pickleball team building experience with your team or work colleagues, learn Pickleball with IDEOH EXPERIENCE\" \/>\n<meta name=\"robots\" content=\"index, follow, max-snippet:-1, max-image-preview:large, max-video-preview:-1\" \/>\n<link rel=\"canonical\" href=\"https:\/\/ideoh.ca\/en\/pickleball-team-building\/\" \/>\n<meta property=\"og:locale\" content=\"en_US\" \/>\n<meta property=\"og:type\" content=\"article\" \/>\n<meta property=\"og:title\" content=\"PICKLEBALL TEAM BUILDING\" \/>\n<meta property=\"og:description\" content=\"Come for a pickleball team building experience with your team or work colleagues, learn Pickleball with IDEOH EXPERIENCE\" \/>\n<meta property=\"og:url\" content=\"https:\/\/ideoh.ca\/en\/pickleball-team-building\/\" \/>\n<meta property=\"og:site_name\" content=\"IDEOH!\" \/>\n<meta property=\"article:publisher\" content=\"https:\/\/www.facebook.com\/people\/IDEOH-Exprience\/100091977289979\/yoast\" \/>\n<meta property=\"article:modified_time\" content=\"2025-04-28T20:40:24+00:00\" \/>\n<meta property=\"og:image\" content=\"https:\/\/ideoh.ca\/wp-content\/uploads\/2024\/11\/Photo-centre-Pickle-scaled.jpeg\" \/>\n\t<meta property=\"og:image:width\" content=\"2560\" \/>\n\t<meta property=\"og:image:height\" content=\"2560\" \/>\n\t<meta property=\"og:image:type\" content=\"image\/jpeg\" \/>\n<meta name=\"twitter:card\" content=\"summary_large_image\" \/>\n<meta name=\"twitter:label1\" content=\"Est. reading time\" \/>\n\t<meta name=\"twitter:data1\" content=\"2 minutes\" \/>\n<script type=\"application\/ld+json\" class=\"yoast-schema-graph\">{\"@context\":\"https:\\\/\\\/schema.org\",\"@graph\":[{\"@type\":\"WebPage\",\"@id\":\"https:\\\/\\\/ideoh.ca\\\/en\\\/pickleball-team-building\\\/\",\"url\":\"https:\\\/\\\/ideoh.ca\\\/en\\\/pickleball-team-building\\\/\",\"name\":\"PICKLEBALL TEAM BUILDING\",\"isPartOf\":{\"@id\":\"https:\\\/\\\/ideoh.ca\\\/en\\\/#website\"},\"primaryImageOfPage\":{\"@id\":\"https:\\\/\\\/ideoh.ca\\\/en\\\/pickleball-team-building\\\/#primaryimage\"},\"image\":{\"@id\":\"https:\\\/\\\/ideoh.ca\\\/en\\\/pickleball-team-building\\\/#primaryimage\"},\"thumbnailUrl\":\"https:\\\/\\\/ideoh.ca\\\/wp-content\\\/uploads\\\/2024\\\/11\\\/Photo-centre-Pickle-scaled.jpeg\",\"datePublished\":\"2023-05-05T20:49:02+00:00\",\"dateModified\":\"2025-04-28T20:40:24+00:00\",\"description\":\"Come for a pickleball team building experience with your team or work colleagues, learn Pickleball with IDEOH EXPERIENCE\",\"breadcrumb\":{\"@id\":\"https:\\\/\\\/ideoh.ca\\\/en\\\/pickleball-team-building\\\/#breadcrumb\"},\"inLanguage\":\"en-CA\",\"potentialAction\":[{\"@type\":\"ReadAction\",\"target\":[\"https:\\\/\\\/ideoh.ca\\\/en\\\/pickleball-team-building\\\/\"]}]},{\"@type\":\"ImageObject\",\"inLanguage\":\"en-CA\",\"@id\":\"https:\\\/\\\/ideoh.ca\\\/en\\\/pickleball-team-building\\\/#primaryimage\",\"url\":\"https:\\\/\\\/ideoh.ca\\\/wp-content\\\/uploads\\\/2024\\\/11\\\/Photo-centre-Pickle-scaled.jpeg\",\"contentUrl\":\"https:\\\/\\\/ideoh.ca\\\/wp-content\\\/uploads\\\/2024\\\/11\\\/Photo-centre-Pickle-scaled.jpeg\",\"width\":2560,\"height\":2560,\"caption\":\"Photo centre Pickle\"},{\"@type\":\"BreadcrumbList\",\"@id\":\"https:\\\/\\\/ideoh.ca\\\/en\\\/pickleball-team-building\\\/#breadcrumb\",\"itemListElement\":[{\"@type\":\"ListItem\",\"position\":1,\"name\":\"Home\",\"item\":\"https:\\\/\\\/ideoh.ca\\\/en\\\/\"},{\"@type\":\"ListItem\",\"position\":2,\"name\":\"PICKLEBALL TEAMBUILDING\"}]},{\"@type\":\"WebSite\",\"@id\":\"https:\\\/\\\/ideoh.ca\\\/en\\\/#website\",\"url\":\"https:\\\/\\\/ideoh.ca\\\/en\\\/\",\"name\":\"IDEOH EXP\u00c9RIENCE\",\"description\":\"\u00c9v\u00e9nements\",\"publisher\":{\"@id\":\"https:\\\/\\\/ideoh.ca\\\/en\\\/#organization\"},\"potentialAction\":[{\"@type\":\"SearchAction\",\"target\":{\"@type\":\"EntryPoint\",\"urlTemplate\":\"https:\\\/\\\/ideoh.ca\\\/en\\\/?s={search_term_string}\"},\"query-input\":{\"@type\":\"PropertyValueSpecification\",\"valueRequired\":true,\"valueName\":\"search_term_string\"}}],\"inLanguage\":\"en-CA\"},{\"@type\":\"Organization\",\"@id\":\"https:\\\/\\\/ideoh.ca\\\/en\\\/#organization\",\"name\":\"IDEOH!\",\"url\":\"https:\\\/\\\/ideoh.ca\\\/en\\\/\",\"logo\":{\"@type\":\"ImageObject\",\"inLanguage\":\"en-CA\",\"@id\":\"https:\\\/\\\/ideoh.ca\\\/en\\\/#\\\/schema\\\/logo\\\/image\\\/\",\"url\":\"https:\\\/\\\/ideoh.ca\\\/wp-content\\\/uploads\\\/2024\\\/01\\\/Capture-decran-le-2023-06-28-a-08.59.35.png\",\"contentUrl\":\"https:\\\/\\\/ideoh.ca\\\/wp-content\\\/uploads\\\/2024\\\/01\\\/Capture-decran-le-2023-06-28-a-08.59.35.png\",\"width\":482,\"height\":194,\"caption\":\"IDEOH!\"},\"image\":{\"@id\":\"https:\\\/\\\/ideoh.ca\\\/en\\\/#\\\/schema\\\/logo\\\/image\\\/\"},\"sameAs\":[\"https:\\\/\\\/www.facebook.com\\\/people\\\/IDEOH-Exprience\\\/100091977289979\\\/yoast\",\"https:\\\/\\\/www.linkedin.com\\\/in\\\/jeanfrancoislitalien\\\/yoast\",\"https:\\\/\\\/www.instagram.com\\\/ideoh_expepience\\\/yoast\"]}]}<\/script>\n<!-- \/ Yoast SEO plugin. -->","yoast_head_json":{"title":"PICKLEBALL TEAM BUILDING","description":"Come for a pickleball team building experience with your team or work colleagues, learn Pickleball with IDEOH EXPERIENCE","robots":{"index":"index","follow":"follow","max-snippet":"max-snippet:-1","max-image-preview":"max-image-preview:large","max-video-preview":"max-video-preview:-1"},"canonical":"https:\/\/ideoh.ca\/en\/pickleball-team-building\/","og_locale":"en_US","og_type":"article","og_title":"PICKLEBALL TEAM BUILDING","og_description":"Come for a pickleball team building experience with your team or work colleagues, learn Pickleball with IDEOH EXPERIENCE","og_url":"https:\/\/ideoh.ca\/en\/pickleball-team-building\/","og_site_name":"IDEOH!","article_publisher":"https:\/\/www.facebook.com\/people\/IDEOH-Exprience\/100091977289979\/yoast","article_modified_time":"2025-04-28T20:40:24+00:00","og_image":[{"width":2560,"height":2560,"url":"https:\/\/ideoh.ca\/wp-content\/uploads\/2024\/11\/Photo-centre-Pickle-scaled.jpeg","type":"image\/jpeg"}],"twitter_card":"summary_large_image","twitter_misc":{"Est. reading time":"2 minutes"},"schema":{"@context":"https:\/\/schema.org","@graph":[{"@type":"WebPage","@id":"https:\/\/ideoh.ca\/en\/pickleball-team-building\/","url":"https:\/\/ideoh.ca\/en\/pickleball-team-building\/","name":"PICKLEBALL TEAM BUILDING","isPartOf":{"@id":"https:\/\/ideoh.ca\/en\/#website"},"primaryImageOfPage":{"@id":"https:\/\/ideoh.ca\/en\/pickleball-team-building\/#primaryimage"},"image":{"@id":"https:\/\/ideoh.ca\/en\/pickleball-team-building\/#primaryimage"},"thumbnailUrl":"https:\/\/ideoh.ca\/wp-content\/uploads\/2024\/11\/Photo-centre-Pickle-scaled.jpeg","datePublished":"2023-05-05T20:49:02+00:00","dateModified":"2025-04-28T20:40:24+00:00","description":"Come for a pickleball team building experience with your team or work colleagues, learn Pickleball with IDEOH EXPERIENCE","breadcrumb":{"@id":"https:\/\/ideoh.ca\/en\/pickleball-team-building\/#breadcrumb"},"inLanguage":"en-CA","potentialAction":[{"@type":"ReadAction","target":["https:\/\/ideoh.ca\/en\/pickleball-team-building\/"]}]},{"@type":"ImageObject","inLanguage":"en-CA","@id":"https:\/\/ideoh.ca\/en\/pickleball-team-building\/#primaryimage","url":"https:\/\/ideoh.ca\/wp-content\/uploads\/2024\/11\/Photo-centre-Pickle-scaled.jpeg","contentUrl":"https:\/\/ideoh.ca\/wp-content\/uploads\/2024\/11\/Photo-centre-Pickle-scaled.jpeg","width":2560,"height":2560,"caption":"Photo centre Pickle"},{"@type":"BreadcrumbList","@id":"https:\/\/ideoh.ca\/en\/pickleball-team-building\/#breadcrumb","itemListElement":[{"@type":"ListItem","position":1,"name":"Home","item":"https:\/\/ideoh.ca\/en\/"},{"@type":"ListItem","position":2,"name":"PICKLEBALL TEAMBUILDING"}]},{"@type":"WebSite","@id":"https:\/\/ideoh.ca\/en\/#website","url":"https:\/\/ideoh.ca\/en\/","name":"IDEOH EXP\u00c9RIENCE","description":"\u00c9v\u00e9nements","publisher":{"@id":"https:\/\/ideoh.ca\/en\/#organization"},"potentialAction":[{"@type":"SearchAction","target":{"@type":"EntryPoint","urlTemplate":"https:\/\/ideoh.ca\/en\/?s={search_term_string}"},"query-input":{"@type":"PropertyValueSpecification","valueRequired":true,"valueName":"search_term_string"}}],"inLanguage":"en-CA"},{"@type":"Organization","@id":"https:\/\/ideoh.ca\/en\/#organization","name":"IDEOH!","url":"https:\/\/ideoh.ca\/en\/","logo":{"@type":"ImageObject","inLanguage":"en-CA","@id":"https:\/\/ideoh.ca\/en\/#\/schema\/logo\/image\/","url":"https:\/\/ideoh.ca\/wp-content\/uploads\/2024\/01\/Capture-decran-le-2023-06-28-a-08.59.35.png","contentUrl":"https:\/\/ideoh.ca\/wp-content\/uploads\/2024\/01\/Capture-decran-le-2023-06-28-a-08.59.35.png","width":482,"height":194,"caption":"IDEOH!"},"image":{"@id":"https:\/\/ideoh.ca\/en\/#\/schema\/logo\/image\/"},"sameAs":["https:\/\/www.facebook.com\/people\/IDEOH-Exprience\/100091977289979\/yoast","https:\/\/www.linkedin.com\/in\/jeanfrancoislitalien\/yoast","https:\/\/www.instagram.com\/ideoh_expepience\/yoast"]}]}},"_links":{"self":[{"href":"https:\/\/ideoh.ca\/en\/wp-json\/wp\/v2\/pages\/531","targetHints":{"allow":["GET"]}}],"collection":[{"href":"https:\/\/ideoh.ca\/en\/wp-json\/wp\/v2\/pages"}],"about":[{"href":"https:\/\/ideoh.ca\/en\/wp-json\/wp\/v2\/types\/page"}],"author":[{"embeddable":true,"href":"https:\/\/ideoh.ca\/en\/wp-json\/wp\/v2\/users\/1"}],"replies":[{"embeddable":true,"href":"https:\/\/ideoh.ca\/en\/wp-json\/wp\/v2\/comments?post=531"}],"version-history":[{"count":52,"href":"https:\/\/ideoh.ca\/en\/wp-json\/wp\/v2\/pages\/531\/revisions"}],"predecessor-version":[{"id":2482,"href":"https:\/\/ideoh.ca\/en\/wp-json\/wp\/v2\/pages\/531\/revisions\/2482"}],"wp:featuredmedia":[{"embeddable":true,"href":"https:\/\/ideoh.ca\/en\/wp-json\/wp\/v2\/media\/2407"}],"wp:attachment":[{"href":"https:\/\/ideoh.ca\/en\/wp-json\/wp\/v2\/media?parent=531"}],"curies":[{"name":"wp","href":"https:\/\/api.w.org\/{rel}","templated":true}]}}