{"id":518,"date":"2023-04-30T13:26:34","date_gmt":"2023-04-30T13:26:34","guid":{"rendered":"http:\/\/localhost:8888\/ideoh\/accueil\/"},"modified":"2026-04-24T14:32:25","modified_gmt":"2026-04-24T14:32:25","slug":"corporate-events-team-building","status":"publish","type":"page","link":"https:\/\/ideoh.ca\/en\/","title":{"rendered":"CORPORATE EVENTS &amp; TEAM BUILDING"},"content":{"rendered":"","protected":false},"excerpt":{"rendered":"","protected":false},"author":1,"featured_media":520,"parent":0,"menu_order":0,"comment_status":"closed","ping_status":"closed","template":"page-templates\/page-home.php","meta":{"_acf_changed":false,"footnotes":""},"class_list":["post-518","page","type-page","status-publish","has-post-thumbnail","hentry"],"acf":[],"yoast_head":"<!-- This site is optimized with the Yoast SEO plugin v27.4 - https:\/\/yoast.com\/product\/yoast-seo-wordpress\/ -->\n<title>Corporate events &amp; team building<\/title>\n<meta name=\"description\" content=\"IDEOH helps you organize your team building or your corporate events , bases on sports program we make sure to make it work\" \/>\n<meta name=\"robots\" content=\"index, follow, max-snippet:-1, max-image-preview:large, max-video-preview:-1\" \/>\n<link rel=\"canonical\" href=\"https:\/\/ideoh.ca\/en\/\" \/>\n<meta property=\"og:locale\" content=\"en_US\" \/>\n<meta property=\"og:type\" content=\"article\" \/>\n<meta property=\"og:title\" content=\"Corporate events &amp; team building\" \/>\n<meta property=\"og:description\" content=\"IDEOH helps you organize your team building or your corporate events , bases on sports program we make sure to make it work\" \/>\n<meta property=\"og:url\" content=\"https:\/\/ideoh.ca\/en\/\" \/>\n<meta property=\"og:site_name\" content=\"IDEOH!\" \/>\n<meta property=\"article:publisher\" content=\"https:\/\/www.facebook.com\/people\/IDEOH-Exprience\/100091977289979\/yoast\" \/>\n<meta property=\"article:modified_time\" content=\"2026-04-24T14:32:25+00:00\" \/>\n<meta property=\"og:image\" content=\"https:\/\/ideoh.ca\/wp-content\/uploads\/2023\/06\/ideoh-experience-sports.jpg\" \/>\n\t<meta property=\"og:image:width\" content=\"800\" \/>\n\t<meta property=\"og:image:height\" content=\"401\" \/>\n\t<meta property=\"og:image:type\" content=\"image\/jpeg\" \/>\n<meta name=\"twitter:card\" content=\"summary_large_image\" \/>\n<meta name=\"twitter:label1\" content=\"Est. reading time\" \/>\n\t<meta name=\"twitter:data1\" content=\"3 minutes\" \/>\n<script type=\"application\/ld+json\" class=\"yoast-schema-graph\">{\"@context\":\"https:\\\/\\\/schema.org\",\"@graph\":[{\"@type\":\"WebPage\",\"@id\":\"https:\\\/\\\/ideoh.ca\\\/en\\\/\",\"url\":\"https:\\\/\\\/ideoh.ca\\\/en\\\/\",\"name\":\"Corporate events & team building\",\"isPartOf\":{\"@id\":\"https:\\\/\\\/ideoh.ca\\\/en\\\/#website\"},\"primaryImageOfPage\":{\"@id\":\"https:\\\/\\\/ideoh.ca\\\/en\\\/#primaryimage\"},\"image\":{\"@id\":\"https:\\\/\\\/ideoh.ca\\\/en\\\/#primaryimage\"},\"thumbnailUrl\":\"https:\\\/\\\/ideoh.ca\\\/wp-content\\\/uploads\\\/2023\\\/06\\\/ideoh-experience-sports.jpg\",\"datePublished\":\"2023-04-30T13:26:34+00:00\",\"dateModified\":\"2026-04-24T14:32:25+00:00\",\"description\":\"IDEOH helps you organize your team building or your corporate events , bases on sports program we make sure to make it work\",\"breadcrumb\":{\"@id\":\"https:\\\/\\\/ideoh.ca\\\/en\\\/#breadcrumb\"},\"inLanguage\":\"en-CA\",\"potentialAction\":[{\"@type\":\"ReadAction\",\"target\":[\"https:\\\/\\\/ideoh.ca\\\/en\\\/\"]}]},{\"@type\":\"ImageObject\",\"inLanguage\":\"en-CA\",\"@id\":\"https:\\\/\\\/ideoh.ca\\\/en\\\/#primaryimage\",\"url\":\"https:\\\/\\\/ideoh.ca\\\/wp-content\\\/uploads\\\/2023\\\/06\\\/ideoh-experience-sports.jpg\",\"contentUrl\":\"https:\\\/\\\/ideoh.ca\\\/wp-content\\\/uploads\\\/2023\\\/06\\\/ideoh-experience-sports.jpg\",\"width\":800,\"height\":401},{\"@type\":\"BreadcrumbList\",\"@id\":\"https:\\\/\\\/ideoh.ca\\\/en\\\/#breadcrumb\",\"itemListElement\":[{\"@type\":\"ListItem\",\"position\":1,\"name\":\"Home\",\"item\":\"https:\\\/\\\/ideoh.ca\\\/en\\\/\"},{\"@type\":\"ListItem\",\"position\":2,\"name\":\"CORPORATE EVENTS &amp; TEAM BUILDING\"}]},{\"@type\":\"WebSite\",\"@id\":\"https:\\\/\\\/ideoh.ca\\\/en\\\/#website\",\"url\":\"https:\\\/\\\/ideoh.ca\\\/en\\\/\",\"name\":\"IDEOH EXP\u00c9RIENCE\",\"description\":\"\u00c9v\u00e9nements\",\"publisher\":{\"@id\":\"https:\\\/\\\/ideoh.ca\\\/en\\\/#organization\"},\"potentialAction\":[{\"@type\":\"SearchAction\",\"target\":{\"@type\":\"EntryPoint\",\"urlTemplate\":\"https:\\\/\\\/ideoh.ca\\\/en\\\/?s={search_term_string}\"},\"query-input\":{\"@type\":\"PropertyValueSpecification\",\"valueRequired\":true,\"valueName\":\"search_term_string\"}}],\"inLanguage\":\"en-CA\"},{\"@type\":\"Organization\",\"@id\":\"https:\\\/\\\/ideoh.ca\\\/en\\\/#organization\",\"name\":\"IDEOH!\",\"url\":\"https:\\\/\\\/ideoh.ca\\\/en\\\/\",\"logo\":{\"@type\":\"ImageObject\",\"inLanguage\":\"en-CA\",\"@id\":\"https:\\\/\\\/ideoh.ca\\\/en\\\/#\\\/schema\\\/logo\\\/image\\\/\",\"url\":\"https:\\\/\\\/ideoh.ca\\\/wp-content\\\/uploads\\\/2024\\\/01\\\/Capture-decran-le-2023-06-28-a-08.59.35.png\",\"contentUrl\":\"https:\\\/\\\/ideoh.ca\\\/wp-content\\\/uploads\\\/2024\\\/01\\\/Capture-decran-le-2023-06-28-a-08.59.35.png\",\"width\":482,\"height\":194,\"caption\":\"IDEOH!\"},\"image\":{\"@id\":\"https:\\\/\\\/ideoh.ca\\\/en\\\/#\\\/schema\\\/logo\\\/image\\\/\"},\"sameAs\":[\"https:\\\/\\\/www.facebook.com\\\/people\\\/IDEOH-Exprience\\\/100091977289979\\\/yoast\",\"https:\\\/\\\/www.linkedin.com\\\/in\\\/jeanfrancoislitalien\\\/yoast\",\"https:\\\/\\\/www.instagram.com\\\/ideoh_expepience\\\/yoast\"]}]}<\/script>\n<!-- \/ Yoast SEO plugin. -->","yoast_head_json":{"title":"Corporate events & team building","description":"IDEOH helps you organize your team building or your corporate events , bases on sports program we make sure to make it work","robots":{"index":"index","follow":"follow","max-snippet":"max-snippet:-1","max-image-preview":"max-image-preview:large","max-video-preview":"max-video-preview:-1"},"canonical":"https:\/\/ideoh.ca\/en\/","og_locale":"en_US","og_type":"article","og_title":"Corporate events & team building","og_description":"IDEOH helps you organize your team building or your corporate events , bases on sports program we make sure to make it work","og_url":"https:\/\/ideoh.ca\/en\/","og_site_name":"IDEOH!","article_publisher":"https:\/\/www.facebook.com\/people\/IDEOH-Exprience\/100091977289979\/yoast","article_modified_time":"2026-04-24T14:32:25+00:00","og_image":[{"width":800,"height":401,"url":"https:\/\/ideoh.ca\/wp-content\/uploads\/2023\/06\/ideoh-experience-sports.jpg","type":"image\/jpeg"}],"twitter_card":"summary_large_image","twitter_misc":{"Est. reading time":"3 minutes"},"schema":{"@context":"https:\/\/schema.org","@graph":[{"@type":"WebPage","@id":"https:\/\/ideoh.ca\/en\/","url":"https:\/\/ideoh.ca\/en\/","name":"Corporate events & team building","isPartOf":{"@id":"https:\/\/ideoh.ca\/en\/#website"},"primaryImageOfPage":{"@id":"https:\/\/ideoh.ca\/en\/#primaryimage"},"image":{"@id":"https:\/\/ideoh.ca\/en\/#primaryimage"},"thumbnailUrl":"https:\/\/ideoh.ca\/wp-content\/uploads\/2023\/06\/ideoh-experience-sports.jpg","datePublished":"2023-04-30T13:26:34+00:00","dateModified":"2026-04-24T14:32:25+00:00","description":"IDEOH helps you organize your team building or your corporate events , bases on sports program we make sure to make it work","breadcrumb":{"@id":"https:\/\/ideoh.ca\/en\/#breadcrumb"},"inLanguage":"en-CA","potentialAction":[{"@type":"ReadAction","target":["https:\/\/ideoh.ca\/en\/"]}]},{"@type":"ImageObject","inLanguage":"en-CA","@id":"https:\/\/ideoh.ca\/en\/#primaryimage","url":"https:\/\/ideoh.ca\/wp-content\/uploads\/2023\/06\/ideoh-experience-sports.jpg","contentUrl":"https:\/\/ideoh.ca\/wp-content\/uploads\/2023\/06\/ideoh-experience-sports.jpg","width":800,"height":401},{"@type":"BreadcrumbList","@id":"https:\/\/ideoh.ca\/en\/#breadcrumb","itemListElement":[{"@type":"ListItem","position":1,"name":"Home","item":"https:\/\/ideoh.ca\/en\/"},{"@type":"ListItem","position":2,"name":"CORPORATE EVENTS &amp; TEAM BUILDING"}]},{"@type":"WebSite","@id":"https:\/\/ideoh.ca\/en\/#website","url":"https:\/\/ideoh.ca\/en\/","name":"IDEOH EXP\u00c9RIENCE","description":"\u00c9v\u00e9nements","publisher":{"@id":"https:\/\/ideoh.ca\/en\/#organization"},"potentialAction":[{"@type":"SearchAction","target":{"@type":"EntryPoint","urlTemplate":"https:\/\/ideoh.ca\/en\/?s={search_term_string}"},"query-input":{"@type":"PropertyValueSpecification","valueRequired":true,"valueName":"search_term_string"}}],"inLanguage":"en-CA"},{"@type":"Organization","@id":"https:\/\/ideoh.ca\/en\/#organization","name":"IDEOH!","url":"https:\/\/ideoh.ca\/en\/","logo":{"@type":"ImageObject","inLanguage":"en-CA","@id":"https:\/\/ideoh.ca\/en\/#\/schema\/logo\/image\/","url":"https:\/\/ideoh.ca\/wp-content\/uploads\/2024\/01\/Capture-decran-le-2023-06-28-a-08.59.35.png","contentUrl":"https:\/\/ideoh.ca\/wp-content\/uploads\/2024\/01\/Capture-decran-le-2023-06-28-a-08.59.35.png","width":482,"height":194,"caption":"IDEOH!"},"image":{"@id":"https:\/\/ideoh.ca\/en\/#\/schema\/logo\/image\/"},"sameAs":["https:\/\/www.facebook.com\/people\/IDEOH-Exprience\/100091977289979\/yoast","https:\/\/www.linkedin.com\/in\/jeanfrancoislitalien\/yoast","https:\/\/www.instagram.com\/ideoh_expepience\/yoast"]}]}},"_links":{"self":[{"href":"https:\/\/ideoh.ca\/en\/wp-json\/wp\/v2\/pages\/518","targetHints":{"allow":["GET"]}}],"collection":[{"href":"https:\/\/ideoh.ca\/en\/wp-json\/wp\/v2\/pages"}],"about":[{"href":"https:\/\/ideoh.ca\/en\/wp-json\/wp\/v2\/types\/page"}],"author":[{"embeddable":true,"href":"https:\/\/ideoh.ca\/en\/wp-json\/wp\/v2\/users\/1"}],"replies":[{"embeddable":true,"href":"https:\/\/ideoh.ca\/en\/wp-json\/wp\/v2\/comments?post=518"}],"version-history":[{"count":230,"href":"https:\/\/ideoh.ca\/en\/wp-json\/wp\/v2\/pages\/518\/revisions"}],"predecessor-version":[{"id":2595,"href":"https:\/\/ideoh.ca\/en\/wp-json\/wp\/v2\/pages\/518\/revisions\/2595"}],"wp:featuredmedia":[{"embeddable":true,"href":"https:\/\/ideoh.ca\/en\/wp-json\/wp\/v2\/media\/520"}],"wp:attachment":[{"href":"https:\/\/ideoh.ca\/en\/wp-json\/wp\/v2\/media?parent=518"}],"curies":[{"name":"wp","href":"https:\/\/api.w.org\/{rel}","templated":true}]}}